{"id":20,"date":"2023-03-28T02:16:30","date_gmt":"2023-03-28T02:16:30","guid":{"rendered":"https:\/\/kinesian.com.ar\/?page_id=20"},"modified":"2023-04-10T00:32:41","modified_gmt":"2023-04-10T00:32:41","slug":"mep","status":"publish","type":"page","link":"https:\/\/kinesian.com.ar\/index.php\/mep\/","title":{"rendered":"MEP"},"content":{"rendered":"<div id=\"pl-gb20-69d05088c97c3\"  class=\"panel-layout\" ><div id=\"pg-gb20-69d05088c97c3-0\"  class=\"panel-grid panel-no-style\" ><div id=\"pgc-gb20-69d05088c97c3-0-0\"  class=\"panel-grid-cell\" ><div id=\"panel-gb20-69d05088c97c3-0-0-0\" class=\"so-panel widget widget_text panel-first-child\" data-index=\"0\" ><div class=\"panel-widget-style panel-widget-style-for-gb20-69d05088c97c3-0-0-0\" ><h3 class=\"widget-title\">\u00bfQu\u00e9 es M.E.P.? Microelectr\u00f3lisis Percut\u00e1nea<\/h3>\t\t\t<div class=\"textwidget\"><p class=\"has-black-color\">MEP es una t\u00e9cnica innovadora que revolucion\u00f3 la kinesiolog\u00eda deportiva. Consiste en la aplicaci\u00f3n de una corriente galv\u00e1nica de baja intensidad de manera percut\u00e1nea (a trav\u00e9s de la piel) con una aguja de acupuntura cuyo objetivo principal es generar una respuesta inflamatoria controlada a nivel local<strong>\u00a0promoviendo la reparaci\u00f3n del tejido.<\/strong><\/p>\n<p><\/p>\n<p class=\"has-black-color\">Se aplican dos est\u00edmulos simult\u00e1neos: el est\u00edmulo mec\u00e1nico, a trav\u00e9s de la aguja de acupuntura, que desencadena un<strong> proceso de reparaci\u00f3n<\/strong> para restablecer la integridad de los tejidos, y por otro lado el est\u00edmulo el\u00e9ctrico, que desencadena una inflamaci\u00f3n aguda, controlada y localizada generando <strong>analgesia y normalizaci\u00f3n del PH<\/strong>.<\/p>\n<p><\/p>\n<p class=\"has-black-color\">Sus efectos principales consisten en generar una electr\u00f3lisis (ruptura causada por el paso de la corriente) y una electroforesis (la corriente es capaz de atraer o hacer migrar los iones).<\/p>\n<p><\/p>\n<\/div>\n\t\t<\/div><\/div><div id=\"panel-gb20-69d05088c97c3-0-0-1\" class=\"so-panel widget widget_text\" data-index=\"1\" ><div class=\"panel-widget-style panel-widget-style-for-gb20-69d05088c97c3-0-0-1\" ><h3 class=\"widget-title\">\u00bfQu\u00e9 efectos genera la t\u00e9cnica de MEP?<\/h3>\t\t\t<div class=\"textwidget\"><ul>\n<li class=\"has-black-color\">Promueve la<strong> regeneraci\u00f3n y reparaci\u00f3n de los tejidos<\/strong> al generar una respuesta inflamatoria controlada.<\/li>\n<li class=\"has-black-color\">Relajaci\u00f3n muscular.<\/li>\n<li class=\"has-black-color\"><strong>Analgesia<\/strong> debido a la liberaci\u00f3n de endorfinas e inhibici\u00f3n de los radicales libres.<\/li>\n<\/ul>\n<p><\/p>\n<\/div>\n\t\t<\/div><\/div><div id=\"panel-gb20-69d05088c97c3-0-0-2\" class=\"so-panel widget widget_text\" data-index=\"2\" ><div class=\"panel-widget-style panel-widget-style-for-gb20-69d05088c97c3-0-0-2\" ><h3 class=\"widget-title\">\u00bfQu\u00e9 patolog\u00edas se pueden tratar con MEP?<\/h3>\t\t\t<div class=\"textwidget\"><p class=\"has-black-color\">En <strong>Tendinopat\u00edas<\/strong>(tendinitis \u2013 tendinosis) ya que genera un incremento del flujo sangu\u00edneo, de la actividad fibrobl\u00e1stica y una proliferaci\u00f3n del col\u00e1geno, lo que desencadena una disminuci\u00f3n del dolor. Las tendinopat\u00edas m\u00e1s frecuentes incluyen :<\/p>\n<p><\/p>\n<ul>\n<li>S\u00edndrome del manguito rotador<\/li>\n<li class=\"has-black-color\">Epicondilalgia\/ Epicondilitis (codo de tenista)<\/li>\n<li class=\"has-black-color\">Epitroclealgia\/ Epitrocleitis (codo de golfista)<\/li>\n<li class=\"has-black-color\">Tendinopat\u00eda Rotuliana<\/li>\n<li class=\"has-black-color\">Tendinopat\u00eda de Aquiles<\/li>\n<li class=\"has-black-color\"><a href=\"https:\/\/www.kinesian.com.ar\/2021\/06\/17\/fascitis-plantar\/\">Fascitis Plantar<\/a><\/li>\n<li class=\"has-black-color\">Pata de ganso<\/li>\n<\/ul>\n<p><\/p>\n<p class=\"has-black-color\">En\u00a0<strong>Lesiones Musculares<\/strong>\u00a0se suele utilizar con el objetivo principal de inhibir la fibrog\u00e9nesis, disminuir el dolor y el hematoma. Se puede aplicar en :<\/p>\n<p><\/p>\n<ul>\n<li class=\"has-black-color\">Desgarros musculares subagudos y cr\u00f3nicos<\/li>\n<li class=\"has-black-color\">Puntos gatillo<\/li>\n<li class=\"has-black-color\">Fibrosis musculares<\/li>\n<li class=\"has-black-color\">Sobrecargas musculares<\/li>\n<\/ul>\n<p><\/p>\n<p class=\"has-black-color\">Otras patolog\u00edas posibles a tratar con MEP : Esguince ligamento lateral interno de rodilla, esguince de tobillo, entre otras.<\/p>\n<p><\/p>\n<\/div>\n\t\t<\/div><\/div><div id=\"panel-gb20-69d05088c97c3-0-0-3\" class=\"so-panel widget widget_text panel-last-child\" data-index=\"3\" ><div class=\"panel-widget-style panel-widget-style-for-gb20-69d05088c97c3-0-0-3\" ><h3 class=\"widget-title\">\u00bfC\u00f3mo es una sesi\u00f3n de MEP?<\/h3>\t\t\t<div class=\"textwidget\"><p class=\"has-black-color\">En una primer sesi\u00f3n se realizar\u00e1 una evaluaci\u00f3n integral del paciente basada en una anamnesis, palpaci\u00f3n, realizaci\u00f3n de test diagn\u00f3sticos e identificaci\u00f3n de factores de riesgo asociados a la lesi\u00f3n. Adem\u00e1s de la aplicaci\u00f3n de MEP consideramos fundamental trabajar sobre esos factores de riesgo y sobre la causa que gener\u00f3 la lesi\u00f3n, por lo que acompa\u00f1amos la realizaci\u00f3n de esta t\u00e9cnica con ejercicios de rehabilitaci\u00f3n, terapias manuales, monitorizaci\u00f3n de la carga, pautas para realizar su actividad f\u00edsica,\u00a0entre otras.<\/p>\n<p><\/p>\n<p class=\"has-black-color\">Las sesiones se suelen realizar cada 5 \u2013 7 d\u00edas, ya que es cuando cesa el proceso inflamatorio controlado.<\/p>\n<p><\/p>\n<\/div>\n\t\t<\/div><\/div><\/div><\/div><\/div><\/p>\n<p class=\"has-black-color\">Se aplican dos est\u00edmulos simult\u00e1neos: el est\u00edmulo mec\u00e1nico, a trav\u00e9s de la aguja de acupuntura, que desencadena un<strong> proceso de reparaci\u00f3n<\/strong> para restablecer la integridad de los tejidos, y por otro lado el est\u00edmulo el\u00e9ctrico, que desencadena una inflamaci\u00f3n aguda, controlada y localizada generando <strong>analgesia y normalizaci\u00f3n del PH<\/strong>.<\/p>\n<p><\/p>\n<p class=\"has-black-color\">Sus efectos principales consisten en generar una electr\u00f3lisis (ruptura causada por el paso de la corriente) y una electroforesis (la corriente es capaz de atraer o hacer migrar los iones).<\/p>\n<p><\/p>\n<\/div>\n\t\t<\/div><\/div><div id=\"panel-20-0-0-1\" class=\"so-panel widget widget_text\" data-index=\"1\" ><div class=\"panel-widget-style panel-widget-style-for-20-0-0-1\" ><h3 class=\"widget-title\">\u00bfQu\u00e9 efectos genera la t\u00e9cnica de MEP?<\/h3>\t\t\t<div class=\"textwidget\"><ul>\n<li class=\"has-black-color\">Promueve la<strong> regeneraci\u00f3n y reparaci\u00f3n de los tejidos<\/strong> al generar una respuesta inflamatoria controlada.<\/li>\n<li class=\"has-black-color\">Relajaci\u00f3n muscular.<\/li>\n<li class=\"has-black-color\"><strong>Analgesia<\/strong> debido a la liberaci\u00f3n de endorfinas e inhibici\u00f3n de los radicales libres.<\/li>\n<\/ul>\n<p><\/p>\n<\/div>\n\t\t<\/div><\/div><div id=\"panel-20-0-0-2\" class=\"so-panel widget widget_text\" data-index=\"2\" ><div class=\"panel-widget-style panel-widget-style-for-20-0-0-2\" ><h3 class=\"widget-title\">\u00bfQu\u00e9 patolog\u00edas se pueden tratar con MEP?<\/h3>\t\t\t<div class=\"textwidget\"><p class=\"has-black-color\">En <strong>Tendinopat\u00edas<\/strong>(tendinitis \u2013 tendinosis) ya que genera un incremento del flujo sangu\u00edneo, de la actividad fibrobl\u00e1stica y una proliferaci\u00f3n del col\u00e1geno, lo que desencadena una disminuci\u00f3n del dolor. Las tendinopat\u00edas m\u00e1s frecuentes incluyen :<\/p>\n<p><\/p>\n<ul>\n<li>S\u00edndrome del manguito rotador<\/li>\n<li class=\"has-black-color\">Epicondilalgia\/ Epicondilitis (codo de tenista)<\/li>\n<li class=\"has-black-color\">Epitroclealgia\/ Epitrocleitis (codo de golfista)<\/li>\n<li class=\"has-black-color\">Tendinopat\u00eda Rotuliana<\/li>\n<li class=\"has-black-color\">Tendinopat\u00eda de Aquiles<\/li>\n<li class=\"has-black-color\"><a href=\"https:\/\/www.kinesian.com.ar\/2021\/06\/17\/fascitis-plantar\/\">Fascitis Plantar<\/a><\/li>\n<li class=\"has-black-color\">Pata de ganso<\/li>\n<\/ul>\n<p><\/p>\n<p class=\"has-black-color\">En\u00a0<strong>Lesiones Musculares<\/strong>\u00a0se suele utilizar con el objetivo principal de inhibir la fibrog\u00e9nesis, disminuir el dolor y el hematoma. Se puede aplicar en :<\/p>\n<p><\/p>\n<ul>\n<li class=\"has-black-color\">Desgarros musculares subagudos y cr\u00f3nicos<\/li>\n<li class=\"has-black-color\">Puntos gatillo<\/li>\n<li class=\"has-black-color\">Fibrosis musculares<\/li>\n<li class=\"has-black-color\">Sobrecargas musculares<\/li>\n<\/ul>\n<p><\/p>\n<p class=\"has-black-color\">Otras patolog\u00edas posibles a tratar con MEP : Esguince ligamento lateral interno de rodilla, esguince de tobillo, entre otras.<\/p>\n<p><\/p>\n<\/div>\n\t\t<\/div><\/div><div id=\"panel-20-0-0-3\" class=\"so-panel widget widget_text panel-last-child\" data-index=\"3\" ><div class=\"panel-widget-style panel-widget-style-for-20-0-0-3\" ><h3 class=\"widget-title\">\u00bfC\u00f3mo es una sesi\u00f3n de MEP?<\/h3>\t\t\t<div class=\"textwidget\"><p class=\"has-black-color\">En una primer sesi\u00f3n se realizar\u00e1 una evaluaci\u00f3n integral del paciente basada en una anamnesis, palpaci\u00f3n, realizaci\u00f3n de test diagn\u00f3sticos e identificaci\u00f3n de factores de riesgo asociados a la lesi\u00f3n. Adem\u00e1s de la aplicaci\u00f3n de MEP consideramos fundamental trabajar sobre esos factores de riesgo y sobre la causa que gener\u00f3 la lesi\u00f3n, por lo que acompa\u00f1amos la realizaci\u00f3n de esta t\u00e9cnica con ejercicios de rehabilitaci\u00f3n, terapias manuales, monitorizaci\u00f3n de la carga, pautas para realizar su actividad f\u00edsica,\u00a0entre otras.<\/p>\n<p><\/p>\n<p class=\"has-black-color\">Las sesiones se suelen realizar cada 5 \u2013 7 d\u00edas, ya que es cuando cesa el proceso inflamatorio controlado.<\/p>\n<p><\/p>\n<\/div>\n\t\t<\/div><\/div><\/div><\/div><\/div><\/div>\n<!-- \/wp:post-content -->\n\n<!-- wp:siteorigin-panels\/layout-block {\"panelsData\":null,\"contentPreview\":null} -->\n<div class=\"wp-block-siteorigin-panels-layout-block\"><\/div>\n<!-- \/wp:siteorigin-panels\/layout-block -->\n\n<!-- wp:siteorigin-panels\/layout-block {\"panelsData\":null,\"contentPreview\":null} -->\n<div class=\"wp-block-siteorigin-panels-layout-block\"><\/div>\n<!-- \/wp:siteorigin-panels\/layout-block -->","protected":false},"excerpt":{"rendered":"<p>MEP es una t\u00e9cnica innovadora que revolucion\u00f3 la kinesiolog\u00eda deportiva. Consiste en la aplicaci\u00f3n de una corriente galv\u00e1nica de baja intensidad de manera percut\u00e1nea (a trav\u00e9s de la piel) con una aguja de acupuntura cuyo objetivo principal es generar una respuesta inflamatoria controlada a nivel local\u00a0promoviendo la reparaci\u00f3n del tejido. Se aplican dos est\u00edmulos simult\u00e1neos:&nbsp;&hellip;<\/p>\n","protected":false},"author":1,"featured_media":0,"parent":0,"menu_order":0,"comment_status":"closed","ping_status":"closed","template":"","meta":{"footnotes":""},"class_list":["post-20","page","type-page","status-publish","hentry"],"_links":{"self":[{"href":"https:\/\/kinesian.com.ar\/index.php\/wp-json\/wp\/v2\/pages\/20","targetHints":{"allow":["GET"]}}],"collection":[{"href":"https:\/\/kinesian.com.ar\/index.php\/wp-json\/wp\/v2\/pages"}],"about":[{"href":"https:\/\/kinesian.com.ar\/index.php\/wp-json\/wp\/v2\/types\/page"}],"author":[{"embeddable":true,"href":"https:\/\/kinesian.com.ar\/index.php\/wp-json\/wp\/v2\/users\/1"}],"replies":[{"embeddable":true,"href":"https:\/\/kinesian.com.ar\/index.php\/wp-json\/wp\/v2\/comments?post=20"}],"version-history":[{"count":11,"href":"https:\/\/kinesian.com.ar\/index.php\/wp-json\/wp\/v2\/pages\/20\/revisions"}],"predecessor-version":[{"id":308,"href":"https:\/\/kinesian.com.ar\/index.php\/wp-json\/wp\/v2\/pages\/20\/revisions\/308"}],"wp:attachment":[{"href":"https:\/\/kinesian.com.ar\/index.php\/wp-json\/wp\/v2\/media?parent=20"}],"curies":[{"name":"wp","href":"https:\/\/api.w.org\/{rel}","templated":true}]}}