{"id":19,"date":"2023-03-28T02:16:30","date_gmt":"2023-03-28T02:16:30","guid":{"rendered":"https:\/\/kinesian.com.ar\/?page_id=19"},"modified":"2023-04-10T21:56:39","modified_gmt":"2023-04-10T21:56:39","slug":"ventosas","status":"publish","type":"page","link":"https:\/\/kinesian.com.ar\/index.php\/ventosas\/","title":{"rendered":"Ventosas"},"content":{"rendered":"<div id=\"pl-gb19-69e8547c76928\"  class=\"panel-layout\" ><div id=\"pg-gb19-69e8547c76928-0\"  class=\"panel-grid panel-no-style\" ><div id=\"pgc-gb19-69e8547c76928-0-0\"  class=\"panel-grid-cell\" ><div id=\"panel-gb19-69e8547c76928-0-0-0\" class=\"so-panel widget widget_text panel-first-child panel-last-child\" data-index=\"0\" ><div class=\"panel-widget-style panel-widget-style-for-gb19-69e8547c76928-0-0-0\" >\t\t\t<div class=\"textwidget\"><p>Consiste en la aplicaci\u00f3n, mediante el vac\u00edo, de vasos en ciertas \u00e1reas para <strong>mejorar y favorecer la circulaci\u00f3n energ\u00e9tica y sangu\u00ednea<\/strong> con el objetivo principal de <strong>disminuir el dolor<\/strong>.\u00a0 Se utilizan ventosas de pl\u00e1stico con bombas de aspiraci\u00f3n.<\/p>\n<\/div>\n\t\t<\/div><\/div><\/div><\/div><\/div>\n\n<div id=\"pl-gb19-69e8547c773b0\"  class=\"panel-layout\" ><div id=\"pg-gb19-69e8547c773b0-0\"  class=\"panel-grid panel-no-style\" ><div id=\"pgc-gb19-69e8547c773b0-0-0\"  class=\"panel-grid-cell\" ><div id=\"panel-gb19-69e8547c773b0-0-0-0\" class=\"so-panel widget widget_text panel-first-child panel-last-child\" data-index=\"0\" ><div class=\"panel-widget-style panel-widget-style-for-gb19-69e8547c773b0-0-0-0\" ><h3 class=\"widget-title\">\u00bfQu\u00e9 efectos genera la aplicaci\u00f3n de ventosas?<\/h3>\t\t\t<div class=\"textwidget\"><p>Con el efecto de vac\u00edo la ventosa se pega al cuerpo, succiona la piel, adherencias y parte del musculo abriendo poros y mejorando la circulaci\u00f3n sangu\u00ednea y linf\u00e1tica de la zona a tratar.<\/p>\n<\/div>\n\t\t<\/div><\/div><\/div><\/div><\/div>\n\n<div id=\"pl-gb19-69e8547c77601\"  class=\"panel-layout\" ><div id=\"pg-gb19-69e8547c77601-0\"  class=\"panel-grid panel-no-style\" ><div id=\"pgc-gb19-69e8547c77601-0-0\"  class=\"panel-grid-cell\" ><div id=\"panel-gb19-69e8547c77601-0-0-0\" class=\"so-panel widget widget_text panel-first-child panel-last-child\" data-index=\"0\" ><div class=\"panel-widget-style panel-widget-style-for-gb19-69e8547c77601-0-0-0\" >\t\t\t<div class=\"textwidget\"><ul>\n<li>Ayuda a drenar exceso de l\u00edquidos y toxinas<\/li>\n<li>Liberar adherencias y tejido conectivo<\/li>\n<li>Acci\u00f3n sobre sistema nervioso perif\u00e9rico y sistema nervioso central<\/li>\n<\/ul>\n<\/div>\n\t\t<\/div><\/div><\/div><\/div><\/div>\n\n<div id=\"pl-gb19-69e8547c77852\"  class=\"panel-layout\" ><div id=\"pg-gb19-69e8547c77852-0\"  class=\"panel-grid panel-no-style\" ><div id=\"pgc-gb19-69e8547c77852-0-0\"  class=\"panel-grid-cell\" ><div id=\"panel-gb19-69e8547c77852-0-0-0\" class=\"so-panel widget widget_text panel-first-child panel-last-child\" data-index=\"0\" ><div class=\"panel-widget-style panel-widget-style-for-gb19-69e8547c77852-0-0-0\" ><h3 class=\"widget-title\">\u00bfEn qu\u00e9 patolog\u00edas se suele aplicar?<\/h3>\t\t\t<div class=\"textwidget\"><ul>\n<li>Lumbalgias, cervicalgias, ciatalgias<\/li>\n<li>Desgarros cr\u00f3nicos<\/li>\n<li>Tendinitis (supraespinoso, aquiliana, etc)<\/li>\n<li>Cicatrices<\/li>\n<li>Contracturas musculares<\/li>\n<li>Fascitis plantar<\/li>\n<\/ul>\n<\/div>\n\t\t<\/div><\/div><\/div><\/div><\/div>","protected":false},"excerpt":{"rendered":"<p>Consiste en la aplicaci\u00f3n, mediante el vac\u00edo, de vasos en ciertas \u00e1reas para mejorar y favorecer la circulaci\u00f3n energ\u00e9tica y sangu\u00ednea con el objetivo principal de disminuir el dolor.\u00a0 Se utilizan ventosas de pl\u00e1stico con bombas de aspiraci\u00f3n.<\/p>\n","protected":false},"author":1,"featured_media":0,"parent":0,"menu_order":0,"comment_status":"closed","ping_status":"closed","template":"","meta":{"footnotes":""},"class_list":["post-19","page","type-page","status-publish","hentry"],"_links":{"self":[{"href":"https:\/\/kinesian.com.ar\/index.php\/wp-json\/wp\/v2\/pages\/19","targetHints":{"allow":["GET"]}}],"collection":[{"href":"https:\/\/kinesian.com.ar\/index.php\/wp-json\/wp\/v2\/pages"}],"about":[{"href":"https:\/\/kinesian.com.ar\/index.php\/wp-json\/wp\/v2\/types\/page"}],"author":[{"embeddable":true,"href":"https:\/\/kinesian.com.ar\/index.php\/wp-json\/wp\/v2\/users\/1"}],"replies":[{"embeddable":true,"href":"https:\/\/kinesian.com.ar\/index.php\/wp-json\/wp\/v2\/comments?post=19"}],"version-history":[{"count":6,"href":"https:\/\/kinesian.com.ar\/index.php\/wp-json\/wp\/v2\/pages\/19\/revisions"}],"predecessor-version":[{"id":322,"href":"https:\/\/kinesian.com.ar\/index.php\/wp-json\/wp\/v2\/pages\/19\/revisions\/322"}],"wp:attachment":[{"href":"https:\/\/kinesian.com.ar\/index.php\/wp-json\/wp\/v2\/media?parent=19"}],"curies":[{"name":"wp","href":"https:\/\/api.w.org\/{rel}","templated":true}]}}