{"id":18,"date":"2023-03-28T02:16:30","date_gmt":"2023-03-28T02:16:30","guid":{"rendered":"https:\/\/kinesian.com.ar\/?page_id=18"},"modified":"2023-04-10T21:46:51","modified_gmt":"2023-04-10T21:46:51","slug":"taping","status":"publish","type":"page","link":"https:\/\/kinesian.com.ar\/index.php\/taping\/","title":{"rendered":"Taping Neuromuscular"},"content":{"rendered":"<div id=\"pl-gb18-69d9746aa81ca\"  class=\"panel-layout\" ><div id=\"pg-gb18-69d9746aa81ca-0\"  class=\"panel-grid panel-no-style\" ><div id=\"pgc-gb18-69d9746aa81ca-0-0\"  class=\"panel-grid-cell\" ><div id=\"panel-gb18-69d9746aa81ca-0-0-0\" class=\"so-panel widget widget_text panel-first-child panel-last-child\" data-index=\"0\" ><div class=\"panel-widget-style panel-widget-style-for-gb18-69d9746aa81ca-0-0-0\" >\t\t\t<div class=\"textwidget\"><p>Es una t\u00e9cnica de vendaje el\u00e1stico aplicado por el kinesi\u00f3logo como tratamiento complementario luego de la sesi\u00f3n de kinesiolog\u00eda. Se coloca seg\u00fan el objetivo que se plantee que puede ser mejorar la movilidad articular, disminuir la inflamaci\u00f3n, disminuir el dolor, limitar un movimiento, etc.<\/p>\n<p>Tiene una funci\u00f3n elevadora a nivel fascial que permite disminuir la presi\u00f3n de la zona a tratar, generando una <strong>mejor\u00eda en la circulaci\u00f3n sangu\u00ednea y linf\u00e1tica<\/strong>. Esto genera, consecuentemente la <strong>disminuci\u00f3n del dolor.<\/strong><\/p>\n<p>Al ofrecer libertad de movimiento a la zona aplicada, se puede mantener colocado al realizar actividad f\u00edsica.<\/p>\n<\/div>\n\t\t<\/div><\/div><\/div><\/div><\/div>","protected":false},"excerpt":{"rendered":"<p>Es una t\u00e9cnica de vendaje el\u00e1stico aplicado por el kinesi\u00f3logo como tratamiento complementario luego de la sesi\u00f3n de kinesiolog\u00eda. Se coloca seg\u00fan el objetivo que se plantee que puede ser mejorar la movilidad articular, disminuir la inflamaci\u00f3n, disminuir el dolor, limitar un movimiento, etc. Tiene una funci\u00f3n elevadora a nivel fascial que permite disminuir la&nbsp;&hellip;<\/p>\n","protected":false},"author":1,"featured_media":0,"parent":0,"menu_order":0,"comment_status":"closed","ping_status":"closed","template":"","meta":{"footnotes":""},"class_list":["post-18","page","type-page","status-publish","hentry"],"_links":{"self":[{"href":"https:\/\/kinesian.com.ar\/index.php\/wp-json\/wp\/v2\/pages\/18","targetHints":{"allow":["GET"]}}],"collection":[{"href":"https:\/\/kinesian.com.ar\/index.php\/wp-json\/wp\/v2\/pages"}],"about":[{"href":"https:\/\/kinesian.com.ar\/index.php\/wp-json\/wp\/v2\/types\/page"}],"author":[{"embeddable":true,"href":"https:\/\/kinesian.com.ar\/index.php\/wp-json\/wp\/v2\/users\/1"}],"replies":[{"embeddable":true,"href":"https:\/\/kinesian.com.ar\/index.php\/wp-json\/wp\/v2\/comments?post=18"}],"version-history":[{"count":6,"href":"https:\/\/kinesian.com.ar\/index.php\/wp-json\/wp\/v2\/pages\/18\/revisions"}],"predecessor-version":[{"id":315,"href":"https:\/\/kinesian.com.ar\/index.php\/wp-json\/wp\/v2\/pages\/18\/revisions\/315"}],"wp:attachment":[{"href":"https:\/\/kinesian.com.ar\/index.php\/wp-json\/wp\/v2\/media?parent=18"}],"curies":[{"name":"wp","href":"https:\/\/api.w.org\/{rel}","templated":true}]}}