{"id":16,"date":"2023-03-28T02:16:30","date_gmt":"2023-03-28T02:16:30","guid":{"rendered":"https:\/\/kinesian.com.ar\/?page_id=16"},"modified":"2023-04-10T21:55:28","modified_gmt":"2023-04-10T21:55:28","slug":"osteopatia","status":"publish","type":"page","link":"https:\/\/kinesian.com.ar\/index.php\/osteopatia\/","title":{"rendered":"Osteopat\u00eda"},"content":{"rendered":"<div id=\"pl-gb16-69fb37e5ba25c\"  class=\"panel-layout\" ><div id=\"pg-gb16-69fb37e5ba25c-0\"  class=\"panel-grid panel-no-style\" ><div id=\"pgc-gb16-69fb37e5ba25c-0-0\"  class=\"panel-grid-cell\" ><div id=\"panel-gb16-69fb37e5ba25c-0-0-0\" class=\"so-panel widget widget_text panel-first-child panel-last-child\" data-index=\"0\" ><div class=\"panel-widget-style panel-widget-style-for-gb16-69fb37e5ba25c-0-0-0\" >\t\t\t<div class=\"textwidget\"><p>La\u00a0<span class=\"il\">osteopat\u00eda<\/span>\u00a0es una terapia manual, con una visi\u00f3n hol\u00edstica del cuerpo, que <strong>busca el origen del problema<\/strong>, tratando las disfunciones de movilidad de los tejidos del cuerpo, para <strong>restablecer\u00a0la salud<\/strong>, como tambi\u00e9n <strong>prevenir la enfermedad<\/strong>.<\/p>\n<p>Se enfoca en el cuerpo como un todo, considerando que todos los sistemas y estructuras del cuerpo est\u00e1n interconectados. Por lo tanto, el objetivo es tratar no solo la dolencia espec\u00edfica que el paciente presenta, sino tambi\u00e9n cualquier otra \u00e1rea del cuerpo que pueda estar relacionada.<\/p>\n<p>La osteopat\u00eda utiliza una <strong>variedad de t\u00e9cnicas manuales<\/strong>, como la manipulaci\u00f3n articular, la movilizaci\u00f3n de tejidos blandos, la liberaci\u00f3n miofascial y la tracci\u00f3n. Cada t\u00e9cnica es adaptada al paciente de acuerdo con sus necesidades individuales y caracter\u00edsticas f\u00edsicas y tienen como objetivo\u00a0<strong>mejorar la movilidad, reducir el dolor, mejorar la postura, aumentar la circulaci\u00f3n y mejorar la funci\u00f3n general del cuerpo.<\/strong><\/p>\n<\/div>\n\t\t<\/div><\/div><\/div><\/div><\/div>\n\n<div id=\"pl-gb16-69fb37e5bb42b\"  class=\"panel-layout\" ><div id=\"pg-gb16-69fb37e5bb42b-0\"  class=\"panel-grid panel-no-style\" ><div id=\"pgc-gb16-69fb37e5bb42b-0-0\"  class=\"panel-grid-cell\" ><div id=\"panel-gb16-69fb37e5bb42b-0-0-0\" class=\"so-panel widget widget_text panel-first-child panel-last-child\" data-index=\"0\" ><div class=\"panel-widget-style panel-widget-style-for-gb16-69fb37e5bb42b-0-0-0\" ><h3 class=\"widget-title\">\u00bfC\u00f3mo es una sesi\u00f3n de osteopat\u00eda?<\/h3>\t\t\t<div class=\"textwidget\"><p>Contiene un componente muy importante de evaluaci\u00f3n, donde se realiza un exhaustivo examen para detectar y establecer las disfunciones mec\u00e1nicas y funcionales del aparato locomotor, del sistema craneosacro, visceral, de la postura con sus diferentes componentes, como as\u00ed tambi\u00e9n la aplicaci\u00f3n de diferentes t\u00e9cnicas manuales para corregir estas alteraciones y devolver el equilibrio perdido al organismo.<\/p>\n<p>Las sesiones son individuales y personalizadas de 1(una) hora de duraci\u00f3n aprox.<\/p>\n<\/div>\n\t\t<\/div><\/div><\/div><\/div><\/div>\n\n<div id=\"pl-gb16-69fb37e5bb877\"  class=\"panel-layout\" ><div id=\"pg-gb16-69fb37e5bb877-0\"  class=\"panel-grid panel-no-style\" ><div id=\"pgc-gb16-69fb37e5bb877-0-0\"  class=\"panel-grid-cell\" ><div id=\"panel-gb16-69fb37e5bb877-0-0-0\" class=\"so-panel widget widget_text panel-first-child panel-last-child\" data-index=\"0\" ><div class=\"panel-widget-style panel-widget-style-for-gb16-69fb37e5bb877-0-0-0\" ><h3 class=\"widget-title\">\u00bfEn qu\u00e9 patolog\u00edas se suele aplicar?<\/h3>\t\t\t<div class=\"textwidget\"><ul>\n<li>Lesiones deportivas<\/li>\n<li>Lesiones osteoarticulares, muscoloesquel\u00e9ticas, traum\u00e1ticas, esguinces, tendinopat\u00edas, desgarros,etc<\/li>\n<li>Dolor de columna, cervicalgia, cervicobraquialgia, dorsalgia, lumbalgia, ciatalgia, cruralgia, etc.<\/li>\n<li>Problemas de la articulaci\u00f3n temporomandibular (ATM)<\/li>\n<li>Dolor de cabeza<\/li>\n<li>Desequilibrios viscerales (gastritis, molestias intestinales, estre\u00f1imiento, etc)<\/li>\n<\/ul>\n<\/div>\n\t\t<\/div><\/div><\/div><\/div><\/div>","protected":false},"excerpt":{"rendered":"<p>La\u00a0osteopat\u00eda\u00a0es una terapia manual, con una visi\u00f3n hol\u00edstica del cuerpo, que busca el origen del problema, tratando las disfunciones de movilidad de los tejidos del cuerpo, para restablecer\u00a0la salud, como tambi\u00e9n prevenir la enfermedad. Se enfoca en el cuerpo como un todo, considerando que todos los sistemas y estructuras del cuerpo est\u00e1n interconectados. Por lo&nbsp;&hellip;<\/p>\n","protected":false},"author":1,"featured_media":0,"parent":0,"menu_order":0,"comment_status":"closed","ping_status":"closed","template":"","meta":{"footnotes":""},"class_list":["post-16","page","type-page","status-publish","hentry"],"_links":{"self":[{"href":"https:\/\/kinesian.com.ar\/index.php\/wp-json\/wp\/v2\/pages\/16","targetHints":{"allow":["GET"]}}],"collection":[{"href":"https:\/\/kinesian.com.ar\/index.php\/wp-json\/wp\/v2\/pages"}],"about":[{"href":"https:\/\/kinesian.com.ar\/index.php\/wp-json\/wp\/v2\/types\/page"}],"author":[{"embeddable":true,"href":"https:\/\/kinesian.com.ar\/index.php\/wp-json\/wp\/v2\/users\/1"}],"replies":[{"embeddable":true,"href":"https:\/\/kinesian.com.ar\/index.php\/wp-json\/wp\/v2\/comments?post=16"}],"version-history":[{"count":6,"href":"https:\/\/kinesian.com.ar\/index.php\/wp-json\/wp\/v2\/pages\/16\/revisions"}],"predecessor-version":[{"id":321,"href":"https:\/\/kinesian.com.ar\/index.php\/wp-json\/wp\/v2\/pages\/16\/revisions\/321"}],"wp:attachment":[{"href":"https:\/\/kinesian.com.ar\/index.php\/wp-json\/wp\/v2\/media?parent=16"}],"curies":[{"name":"wp","href":"https:\/\/api.w.org\/{rel}","templated":true}]}}